{"id":2,"date":"2026-03-10T00:08:29","date_gmt":"2026-03-10T00:08:29","guid":{"rendered":"https:\/\/revistaestiloma17.com.br\/?page_id=2"},"modified":"2026-03-10T10:43:42","modified_gmt":"2026-03-10T10:43:42","slug":"sample-page","status":"publish","type":"page","link":"https:\/\/revistaestiloma17.com.br\/?page_id=2","title":{"rendered":"Quem Somos"},"content":{"rendered":"\n<p>A <strong>Revista Estilo MA17<\/strong> \u00e9 uma plataforma digital dedicada \u00e0 divulga\u00e7\u00e3o e cobertura de <strong>eventos culturais, shows, desfiles de moda e acontecimentos art\u00edsticos<\/strong> no Brasil.<\/p>\n\n\n\n<p>O projeto nasce a partir da experi\u00eancia do <strong>Escrit\u00f3rio de Moda e Assessoria MA17<\/strong>, uma empresa criada com o prop\u00f3sito de valorizar a cultura, a moda, a m\u00fasica e a arte, oferecendo visibilidade para artistas, estilistas, produtores e eventos que movimentam o cen\u00e1rio cultural.<\/p>\n\n\n\n<p>Atrav\u00e9s da <strong>Revista Estilo MA17<\/strong>, levamos ao p\u00fablico conte\u00fados exclusivos, coberturas de eventos, novidades do mundo da moda, agenda cultural, entrevistas e destaques de talentos que fazem a diferen\u00e7a no universo art\u00edstico.<\/p>\n\n\n\n<p>Nosso objetivo \u00e9 <strong>conectar cultura, moda e entretenimento<\/strong>, criando um espa\u00e7o onde criatividade, informa\u00e7\u00e3o e estilo se encontram.<\/p>\n\n\n\n<p>Mais do que uma revista, somos um <strong>canal de divulga\u00e7\u00e3o cultural<\/strong>, apoiando e fortalecendo iniciativas que promovem arte, m\u00fasica, moda e express\u00e3o criativa.<\/p>\n","protected":false},"excerpt":{"rendered":"<p>A Revista Estilo MA17 \u00e9 uma plataforma digital dedicada \u00e0 divulga\u00e7\u00e3o e cobertura de eventos culturais, shows, desfiles<\/p>\n","protected":false},"author":1,"featured_media":0,"parent":0,"menu_order":0,"comment_status":"closed","ping_status":"open","template":"","meta":{"footnotes":""},"class_list":["post-2","page","type-page","status-publish","hentry"],"_links":{"self":[{"href":"https:\/\/revistaestiloma17.com.br\/index.php?rest_route=\/wp\/v2\/pages\/2","targetHints":{"allow":["GET"]}}],"collection":[{"href":"https:\/\/revistaestiloma17.com.br\/index.php?rest_route=\/wp\/v2\/pages"}],"about":[{"href":"https:\/\/revistaestiloma17.com.br\/index.php?rest_route=\/wp\/v2\/types\/page"}],"author":[{"embeddable":true,"href":"https:\/\/revistaestiloma17.com.br\/index.php?rest_route=\/wp\/v2\/users\/1"}],"replies":[{"embeddable":true,"href":"https:\/\/revistaestiloma17.com.br\/index.php?rest_route=%2Fwp%2Fv2%2Fcomments&post=2"}],"version-history":[{"count":1,"href":"https:\/\/revistaestiloma17.com.br\/index.php?rest_route=\/wp\/v2\/pages\/2\/revisions"}],"predecessor-version":[{"id":40,"href":"https:\/\/revistaestiloma17.com.br\/index.php?rest_route=\/wp\/v2\/pages\/2\/revisions\/40"}],"wp:attachment":[{"href":"https:\/\/revistaestiloma17.com.br\/index.php?rest_route=%2Fwp%2Fv2%2Fmedia&parent=2"}],"curies":[{"name":"wp","href":"https:\/\/api.w.org\/{rel}","templated":true}]}}